{"id":7400,"date":"2025-04-20T21:30:10","date_gmt":"2025-04-20T19:30:10","guid":{"rendered":"https:\/\/safiroots.com\/?page_id=7400"},"modified":"2025-04-21T19:58:01","modified_gmt":"2025-04-21T17:58:01","slug":"blog","status":"publish","type":"page","link":"https:\/\/safiroots.com\/fr\/blog\/","title":{"rendered":"Au c\u0153ur de Safi Roots"},"content":{"rendered":"<div data-elementor-type=\"wp-page\" data-elementor-id=\"7400\" class=\"elementor elementor-7400\" data-elementor-post-type=\"page\">\n\t\t\t\t<div class=\"elementor-element elementor-element-dd621a3 e-flex e-con-boxed e-con e-parent\" data-id=\"dd621a3\" data-element_type=\"container\" data-e-type=\"container\" data-settings=\"{&quot;background_background&quot;:&quot;classic&quot;}\">\n\t\t\t\t\t<div class=\"e-con-inner\">\n\t\t\t\t<div class=\"elementor-element elementor-element-ebf2ade elementor-widget elementor-widget-heading\" data-id=\"ebf2ade\" data-element_type=\"widget\" data-e-type=\"widget\" data-widget_type=\"heading.default\">\n\t\t\t\t<div class=\"elementor-widget-container\">\n\t\t\t\t\t<h1 class=\"elementor-heading-title elementor-size-default\">Au c\u0153ur de Safi Roots<\/h1>\t\t\t\t<\/div>\n\t\t\t\t<\/div>\n\t\t\t\t<div class=\"elementor-element elementor-element-6d2b2cb elementor-widget elementor-widget-text-editor\" data-id=\"6d2b2cb\" data-element_type=\"widget\" data-e-type=\"widget\" data-widget_type=\"text-editor.default\">\n\t\t\t\t<div class=\"elementor-widget-container\">\n\t\t\t\t\t\t\t\t\t<p class=\"\" data-start=\"92\" data-end=\"341\">Bienvenue sur le blog Safi Roots, votre fen\u00eatre sur l'agriculture, la culture et les communaut\u00e9s dynamiques de l'Afrique. Plongez dans les histoires des fruits exotiques, des superaliments puissants et des agriculteurs qui transforment le continent gr\u00e2ce \u00e0 des pratiques durables.<\/p>\t\t\t\t\t\t\t\t<\/div>\n\t\t\t\t<\/div>\n\t\t<div class=\"elementor-element elementor-element-99f2623 e-con-full e-flex e-con e-child\" data-id=\"99f2623\" data-element_type=\"container\" data-e-type=\"container\" data-settings=\"{&quot;background_background&quot;:&quot;classic&quot;}\">\n\t\t\t\t<div class=\"elementor-element elementor-element-cecb287 elementor-icon-list--layout-inline elementor-list-item-link-inline elementor-widget elementor-widget-icon-list\" data-id=\"cecb287\" data-element_type=\"widget\" data-e-type=\"widget\" data-widget_type=\"icon-list.default\">\n\t\t\t\t<div class=\"elementor-widget-container\">\n\t\t\t\t\t\t\t<ul class=\"elementor-icon-list-items elementor-inline-items\">\n\t\t\t\t\t\t\t<li class=\"elementor-icon-list-item elementor-inline-item\">\n\t\t\t\t\t\t\t\t\t\t\t<span class=\"elementor-icon-list-icon\">\n\t\t\t\t\t\t\t<svg aria-hidden=\"true\" class=\"e-font-icon-svg e-fas-home\" viewbox=\"0 0 576 512\" xmlns=\"http:\/\/www.w3.org\/2000\/svg\"><path d=\"M280.37 148.26L96 300.11V464a16 16 0 0 0 16 16l112.06-.29a16 16 0 0 0 15.92-16V368a16 16 0 0 1 16-16h64a16 16 0 0 1 16 16v95.64a16 16 0 0 0 16 16.05L464 480a16 16 0 0 0 16-16V300L295.67 148.26a12.19 12.19 0 0 0-15.3 0zM571.6 251.47L488 182.56V44.05a12 12 0 0 0-12-12h-56a12 12 0 0 0-12 12v72.61L318.47 43a48 48 0 0 0-61 0L4.34 251.47a12 12 0 0 0-1.6 16.9l25.5 31A12 12 0 0 0 45.15 301l235.22-193.74a12.19 12.19 0 0 1 15.3 0L530.9 301a12 12 0 0 0 16.9-1.6l25.5-31a12 12 0 0 0-1.7-16.93z\"><\/path><\/svg>\t\t\t\t\t\t<\/span>\n\t\t\t\t\t\t\t\t\t\t<span class=\"elementor-icon-list-text\">Accueil<\/span>\n\t\t\t\t\t\t\t\t\t<\/li>\n\t\t\t\t\t\t<\/ul>\n\t\t\t\t\t\t<\/div>\n\t\t\t\t<\/div>\n\t\t\t\t<div class=\"elementor-element elementor-element-dbedc11 elementor-icon-list--layout-inline elementor-list-item-link-inline elementor-widget elementor-widget-icon-list\" data-id=\"dbedc11\" data-element_type=\"widget\" data-e-type=\"widget\" data-widget_type=\"icon-list.default\">\n\t\t\t\t<div class=\"elementor-widget-container\">\n\t\t\t\t\t\t\t<ul class=\"elementor-icon-list-items elementor-inline-items\">\n\t\t\t\t\t\t\t<li class=\"elementor-icon-list-item elementor-inline-item\">\n\t\t\t\t\t\t\t\t\t\t\t<a href=\"https:\/\/safiroots.com\/fr\/blog\/\">\n\n\t\t\t\t\t\t\t\t\t\t\t\t<span class=\"elementor-icon-list-icon\">\n\t\t\t\t\t\t\t<svg aria-hidden=\"true\" class=\"e-font-icon-svg e-fas-chevron-right\" viewbox=\"0 0 320 512\" xmlns=\"http:\/\/www.w3.org\/2000\/svg\"><path d=\"M285.476 272.971L91.132 467.314c-9.373 9.373-24.569 9.373-33.941 0l-22.667-22.667c-9.357-9.357-9.375-24.522-.04-33.901L188.505 256 34.484 101.255c-9.335-9.379-9.317-24.544.04-33.901l22.667-22.667c9.373-9.373 24.569-9.373 33.941 0L285.475 239.03c9.373 9.372 9.373 24.568.001 33.941z\"><\/path><\/svg>\t\t\t\t\t\t<\/span>\n\t\t\t\t\t\t\t\t\t\t<span class=\"elementor-icon-list-text\">Blog<\/span>\n\t\t\t\t\t\t\t\t\t\t\t<\/a>\n\t\t\t\t\t\t\t\t\t<\/li>\n\t\t\t\t\t\t<\/ul>\n\t\t\t\t\t\t<\/div>\n\t\t\t\t<\/div>\n\t\t\t\t<\/div>\n\t\t\t\t\t<\/div>\n\t\t\t\t<\/div>\n\t\t<div class=\"elementor-element elementor-element-690e398 e-flex e-con-boxed e-con e-parent\" data-id=\"690e398\" data-element_type=\"container\" data-e-type=\"container\">\n\t\t\t\t\t<div class=\"e-con-inner\">\n\t\t\t\t<div class=\"elementor-element elementor-element-fec6a7c meta-visibility-show title_position_default title_hover_border_default title-default img_hover_animation_default meta_position_default readmore-btn-default-style grid-hover-overlay-type-always tpg-el-box-border-enable tpg-border-bottom-disable elementor-widget elementor-widget-tpg-grid-layout\" data-id=\"fec6a7c\" data-element_type=\"widget\" data-e-type=\"widget\" data-widget_type=\"tpg-grid-layout.default\">\n\t\t\t\t<div class=\"elementor-widget-container\">\n\t\t\t\t\t\t\t<div class=\"rt-container-fluid rt-tpg-container tpg-el-main-wrapper clearfix grid-layout1-main\"\n\t\t\t id=\"rt-tpg-container-634398017\"\n\t\t\t data-layout=\"grid-layout1\"\n\t\t\t data-grid-style=\"tpg-full-height\"\n\t\t\t data-sc-id=\"elementor\"\n\t\t\t data-el-settings=''\n\t\t\t data-el-query=''\n\t\t\t data-el-path=''\n\t\t>\n\t\t\t\t\t\t<div class='tpg-header-wrapper'>\n\t\t\t\t\t\t\t<\/div>\n\n\t\t\t<div data-title=\"Loading ...\" class=\"rt-row rt-content-loader grid-layout1 grid-behaviour tpg-full-height grid_layout_wrapper\">\n\t\t\t\t<div class=\"rt-col-md-4 rt-col-sm-6 rt-col-xs-12 default rt-grid-item post-7582 post type-post status-publish format-standard has-post-thumbnail hentry category-blog\"\t\tdata-id=\"7582\">\n\t<div class=\"rt-holder tpg-post-holder\">\n\t\t<div class=\"rt-detail rt-el-content-wrapper\">\n\t\t\t\t\t\t\t<div class=\"rt-img-holder tpg-el-image-wrap has-thumbnail\">\n\t\t\t\t\t<a data-id=\"7582\" href=\"https:\/\/safiroots.com\/fr\/safi-roots-featured-in-freshplaza-west-african-mangoes-earning-global-recognition\/\" class=\"tpg-post-link\" target=\"_self\">                        <img fetchpriority=\"high\" decoding=\"async\" src=\"https:\/\/safiroots.com\/wp-content\/uploads\/2025\/04\/mango-768x547.webp\"\n                             class=\"rt-img-responsive\"\n                             width=\"768\"\n                             height=\"547\"\n                             alt=\"Safi Roots Featured in FreshPlaza: West African Mangoes Earning Global Recognition\">\n\t\t\t\t\t\t\n\t\t\t\t\t\t\t\n\t\t<\/a>\n\t\t        <div class=\"overlay grid-hover-content\"><\/div>\n\t\t\t\t\t\t<\/div>\n\t\t\t\n\t\t\t<div class=\"entry-title-wrapper\"><h3 class=\"entry-title\"><a data-id=\"7582\" href=\"https:\/\/safiroots.com\/fr\/safi-roots-featured-in-freshplaza-west-african-mangoes-earning-global-recognition\/\" class=\"tpg-post-link\" target=\"_self\">Safi Roots \u00e0 l'honneur sur FreshPlaza\u00a0: les mangues d'Afrique de l'Ouest gagnent une reconnaissance mondiale<\/a><\/h3><\/div>\n\t\t\t\t\t\t\t<div class=\"post-meta-tags rt-el-post-meta\">\n\t\t\t\t\t            <span class='date'>\n\t\t\t\t<i class='far fa-calendar-alt'><\/i>\t\t\t\t                    <a href=\"https:\/\/safiroots.com\/fr\/2025\/04\/21\/\">\n\t\t\t\t\t21 avril 2025\t\t\t\t<\/a>\n\t\t\t\t\t\t\t<\/span>\n\t\t\t\t\t\t\t<\/div>\n\t\t\t\n\n\t\t\t\t\t\t\t<div class=\"tpg-excerpt tpg-el-excerpt\">\n\t\t\t\t\t\t\t\t\t\t\t<div class=\"tpg-excerpt-inner\">\n\t\t\t\t\t\t\tUne \u00e9tape importante pour Safi Roots et les producteurs de mangues d'Afrique de l'Ouest. Nous sommes fiers d'annoncer que Safi Roots a \u00e9t\u00e9 pr\u00e9sent\u00e9 sur FreshPlaza, l'une des principales plateformes m\u00e9diatiques mondiales d\u00e9di\u00e9es \u00e0\u2026\t\t\t\t\t\t<\/div>\n\t\t\t\t\t\t\t\t\t\t\t\t\t\t<\/div>\n\t\t\t\n\t\t\t        <div class=\"post-footer\">\n            <div class=\"post-footer\">\n                <div class=\"read-more\">\n\t\t\t\t\t<a data-id=\"7582\" href=\"https:\/\/safiroots.com\/fr\/safi-roots-featured-in-freshplaza-west-african-mangoes-earning-global-recognition\/\" class=\"tpg-post-link\" target=\"_self\">En savoir plus<\/a>                <\/div>\n            <\/div>\n        <\/div>\n\t\t\t\t<\/div>\n\t<\/div>\n<\/div>\n<div class=\"rt-col-md-4 rt-col-sm-6 rt-col-xs-12 default rt-grid-item post-7569 post type-post status-publish format-standard has-post-thumbnail hentry category-blog\"\t\tdata-id=\"7569\">\n\t<div class=\"rt-holder tpg-post-holder\">\n\t\t<div class=\"rt-detail rt-el-content-wrapper\">\n\t\t\t\t\t\t\t<div class=\"rt-img-holder tpg-el-image-wrap has-thumbnail\">\n\t\t\t\t\t<a data-id=\"7569\" href=\"https:\/\/safiroots.com\/fr\/safi-roots-at-fruit-logistica-2025-showcasing-african-excellence-to-the-world\/\" class=\"tpg-post-link\" target=\"_self\">                        <img decoding=\"async\" src=\"https:\/\/safiroots.com\/wp-content\/uploads\/2025\/04\/post3-768x547.webp\"\n                             class=\"rt-img-responsive\"\n                             width=\"768\"\n                             height=\"547\"\n                             alt=\"Safi Roots at Fruit Logistica 2025: Showcasing African Excellence to the World\">\n\t\t\t\t\t\t\n\t\t\t\t\t\t\t\n\t\t<\/a>\n\t\t        <div class=\"overlay grid-hover-content\"><\/div>\n\t\t\t\t\t\t<\/div>\n\t\t\t\n\t\t\t<div class=\"entry-title-wrapper\"><h3 class=\"entry-title\"><a data-id=\"7569\" href=\"https:\/\/safiroots.com\/fr\/safi-roots-at-fruit-logistica-2025-showcasing-african-excellence-to-the-world\/\" class=\"tpg-post-link\" target=\"_self\">Safi Roots au Fruit Logistica 2025\u00a0: l'excellence africaine au c\u0153ur du monde<\/a><\/h3><\/div>\n\t\t\t\t\t\t\t<div class=\"post-meta-tags rt-el-post-meta\">\n\t\t\t\t\t            <span class='date'>\n\t\t\t\t<i class='far fa-calendar-alt'><\/i>\t\t\t\t                    <a href=\"https:\/\/safiroots.com\/fr\/2025\/04\/21\/\">\n\t\t\t\t\t21 avril 2025\t\t\t\t<\/a>\n\t\t\t\t\t\t\t<\/span>\n\t\t\t\t\t\t\t<\/div>\n\t\t\t\n\n\t\t\t\t\t\t\t<div class=\"tpg-excerpt tpg-el-excerpt\">\n\t\t\t\t\t\t\t\t\t\t\t<div class=\"tpg-excerpt-inner\">\n\t\t\t\t\t\t\tDes fruits tropicaux \u00e0 l'approvisionnement \u00e0 fort impact, notre mission est claire\u00a0: valoriser les produits africains sur la sc\u00e8ne internationale. En f\u00e9vrier 2025, Safi Roots \u00e9tait pr\u00e9sent au Fruit Logistica de Berlin, le plus grand salon mondial\u2026\t\t\t\t\t\t<\/div>\n\t\t\t\t\t\t\t\t\t\t\t\t\t\t<\/div>\n\t\t\t\n\t\t\t        <div class=\"post-footer\">\n            <div class=\"post-footer\">\n                <div class=\"read-more\">\n\t\t\t\t\t<a data-id=\"7569\" href=\"https:\/\/safiroots.com\/fr\/safi-roots-at-fruit-logistica-2025-showcasing-african-excellence-to-the-world\/\" class=\"tpg-post-link\" target=\"_self\">En savoir plus<\/a>                <\/div>\n            <\/div>\n        <\/div>\n\t\t\t\t<\/div>\n\t<\/div>\n<\/div>\n<div class=\"rt-col-md-4 rt-col-sm-6 rt-col-xs-12 default rt-grid-item post-7565 post type-post status-publish format-standard has-post-thumbnail hentry category-blog\"\t\tdata-id=\"7565\">\n\t<div class=\"rt-holder tpg-post-holder\">\n\t\t<div class=\"rt-detail rt-el-content-wrapper\">\n\t\t\t\t\t\t\t<div class=\"rt-img-holder tpg-el-image-wrap has-thumbnail\">\n\t\t\t\t\t<a data-id=\"7565\" href=\"https:\/\/safiroots.com\/fr\/why-fruit-attraction-2024-was-a-turning-point-for-safi-roots\/\" class=\"tpg-post-link\" target=\"_self\">                        <img decoding=\"async\" src=\"https:\/\/safiroots.com\/wp-content\/uploads\/2025\/04\/post2-768x547.webp\"\n                             class=\"rt-img-responsive\"\n                             width=\"768\"\n                             height=\"547\"\n                             alt=\"Why Fruit Attraction 2024 Was a Turning Point for Safi Roots\">\n\t\t\t\t\t\t\n\t\t\t\t\t\t\t\n\t\t<\/a>\n\t\t        <div class=\"overlay grid-hover-content\"><\/div>\n\t\t\t\t\t\t<\/div>\n\t\t\t\n\t\t\t<div class=\"entry-title-wrapper\"><h3 class=\"entry-title\"><a data-id=\"7565\" href=\"https:\/\/safiroots.com\/fr\/why-fruit-attraction-2024-was-a-turning-point-for-safi-roots\/\" class=\"tpg-post-link\" target=\"_self\">Pourquoi Fruit Attraction 2024 a \u00e9t\u00e9 un tournant pour Safi Roots<\/a><\/h3><\/div>\n\t\t\t\t\t\t\t<div class=\"post-meta-tags rt-el-post-meta\">\n\t\t\t\t\t            <span class='date'>\n\t\t\t\t<i class='far fa-calendar-alt'><\/i>\t\t\t\t                    <a href=\"https:\/\/safiroots.com\/fr\/2025\/04\/21\/\">\n\t\t\t\t\t21 avril 2025\t\t\t\t<\/a>\n\t\t\t\t\t\t\t<\/span>\n\t\t\t\t\t\t\t<\/div>\n\t\t\t\n\n\t\t\t\t\t\t\t<div class=\"tpg-excerpt tpg-el-excerpt\">\n\t\t\t\t\t\t\t\t\t\t\t<div class=\"tpg-excerpt-inner\">\n\t\t\t\t\t\t\tApprendre, tisser des liens et repr\u00e9senter fi\u00e8rement les produits d'Afrique de l'Ouest au c\u0153ur de Madrid. En octobre 2024, Safi Roots a particip\u00e9 \u00e0 Fruit Attraction \u00e0 Madrid, l'un des salons professionnels les plus influents au monde.\t\t\t\t\t\t<\/div>\n\t\t\t\t\t\t\t\t\t\t\t\t\t\t<\/div>\n\t\t\t\n\t\t\t        <div class=\"post-footer\">\n            <div class=\"post-footer\">\n                <div class=\"read-more\">\n\t\t\t\t\t<a data-id=\"7565\" href=\"https:\/\/safiroots.com\/fr\/why-fruit-attraction-2024-was-a-turning-point-for-safi-roots\/\" class=\"tpg-post-link\" target=\"_self\">En savoir plus<\/a>                <\/div>\n            <\/div>\n        <\/div>\n\t\t\t\t<\/div>\n\t<\/div>\n<\/div>\n\t\t\t<\/div>\n\t\t\t\n\t\t<\/div>\n\t\t\t\t\t\t<\/div>\n\t\t\t\t<\/div>\n\t\t\t\t\t<\/div>\n\t\t\t\t<\/div>\n\t\t\t\t<\/div>","protected":false},"excerpt":{"rendered":"<p>Inside Safi Roots Welcome to the Safi Roots blog \u2014 your window into Africa\u2019s vibrant agriculture, culture, and communities. Dive into the stories behind exotic fruits, powerful superfoods, and the farmers transforming the continent through sustainable practices. Home Blog Safi Roots at Fruit Logistica 2025: Showcasing African Excellence to the World 21 avril 2025 From [&hellip;]<\/p>","protected":false},"author":1,"featured_media":0,"parent":0,"menu_order":0,"comment_status":"closed","ping_status":"closed","template":"elementor_header_footer","meta":{"_monsterinsights_skip_tracking":false,"_monsterinsights_sitenote_active":false,"_monsterinsights_sitenote_note":"","_monsterinsights_sitenote_category":0,"two_page_speed":[],"footnotes":""},"class_list":["post-7400","page","type-page","status-publish","hentry"],"rttpg_featured_image_url":null,"rttpg_author":{"display_name":"Safi Roots","author_link":"https:\/\/safiroots.com\/fr\/author\/admin2077\/"},"rttpg_comment":0,"rttpg_category":"","rttpg_excerpt":"Inside Safi Roots Welcome to the Safi Roots blog \u2014 your window into Africa\u2019s vibrant agriculture, culture, and communities. Dive into the stories behind exotic fruits, powerful superfoods, and the farmers transforming the continent through sustainable practices. Home Blog Safi Roots at Fruit Logistica 2025: Showcasing African Excellence to the World 21 avril 2025 From\u2026","_links":{"self":[{"href":"https:\/\/safiroots.com\/fr\/wp-json\/wp\/v2\/pages\/7400","targetHints":{"allow":["GET"]}}],"collection":[{"href":"https:\/\/safiroots.com\/fr\/wp-json\/wp\/v2\/pages"}],"about":[{"href":"https:\/\/safiroots.com\/fr\/wp-json\/wp\/v2\/types\/page"}],"author":[{"embeddable":true,"href":"https:\/\/safiroots.com\/fr\/wp-json\/wp\/v2\/users\/1"}],"replies":[{"embeddable":true,"href":"https:\/\/safiroots.com\/fr\/wp-json\/wp\/v2\/comments?post=7400"}],"version-history":[{"count":50,"href":"https:\/\/safiroots.com\/fr\/wp-json\/wp\/v2\/pages\/7400\/revisions"}],"predecessor-version":[{"id":7581,"href":"https:\/\/safiroots.com\/fr\/wp-json\/wp\/v2\/pages\/7400\/revisions\/7581"}],"wp:attachment":[{"href":"https:\/\/safiroots.com\/fr\/wp-json\/wp\/v2\/media?parent=7400"}],"curies":[{"name":"wp","href":"https:\/\/api.w.org\/{rel}","templated":true}]}}