{"id":5273,"date":"2024-09-25T21:36:23","date_gmt":"2024-09-25T19:36:23","guid":{"rendered":"https:\/\/safiroots.com\/testimonials\/"},"modified":"2025-09-18T18:41:21","modified_gmt":"2025-09-18T16:41:21","slug":"services","status":"publish","type":"page","link":"https:\/\/safiroots.com\/fr\/services\/","title":{"rendered":"Services"},"content":{"rendered":"<div data-elementor-type=\"wp-page\" data-elementor-id=\"5273\" class=\"elementor elementor-5273\" data-elementor-post-type=\"page\">\n\t\t\t\t<div class=\"elementor-element elementor-element-50de92a e-flex e-con-boxed e-con e-parent\" data-id=\"50de92a\" data-element_type=\"container\" data-e-type=\"container\" data-settings=\"{&quot;background_background&quot;:&quot;classic&quot;}\">\n\t\t\t\t\t<div class=\"e-con-inner\">\n\t\t\t\t<div class=\"elementor-element elementor-element-99d63e9 elementor-widget elementor-widget-heading\" data-id=\"99d63e9\" data-element_type=\"widget\" data-e-type=\"widget\" data-widget_type=\"heading.default\">\n\t\t\t\t<div class=\"elementor-widget-container\">\n\t\t\t\t\t<h1 class=\"elementor-heading-title elementor-size-default\">Services<\/h1>\t\t\t\t<\/div>\n\t\t\t\t<\/div>\n\t\t\t\t<div class=\"elementor-element elementor-element-8b84a28 elementor-widget elementor-widget-text-editor\" data-id=\"8b84a28\" data-element_type=\"widget\" data-e-type=\"widget\" data-widget_type=\"text-editor.default\">\n\t\t\t\t<div class=\"elementor-widget-container\">\n\t\t\t\t\t\t\t\t\t<p class=\"translation-block\">Chez Safi Roots, nous proposons bien plus que de simples produits : nous proposons une exp\u00e9rience sur mesure pour r\u00e9pondre aux besoins de votre entreprise. Que vous recherchiez des fruits exotiques, des noix, des \u00e9pices ou des superaliments, nos services sont con\u00e7us pour garantir qualit\u00e9, transparence et impact \u00e0 chaque \u00e9tape.<\/p>\t\t\t\t\t\t\t\t<\/div>\n\t\t\t\t<\/div>\n\t\t<div class=\"elementor-element elementor-element-8acf553 e-con-full e-flex e-con e-child\" data-id=\"8acf553\" data-element_type=\"container\" data-e-type=\"container\" data-settings=\"{&quot;background_background&quot;:&quot;classic&quot;}\">\n\t\t\t\t<div class=\"elementor-element elementor-element-bf8bbb7 elementor-icon-list--layout-inline elementor-list-item-link-inline elementor-widget elementor-widget-icon-list\" data-id=\"bf8bbb7\" data-element_type=\"widget\" data-e-type=\"widget\" data-widget_type=\"icon-list.default\">\n\t\t\t\t<div class=\"elementor-widget-container\">\n\t\t\t\t\t\t\t<ul class=\"elementor-icon-list-items elementor-inline-items\">\n\t\t\t\t\t\t\t<li class=\"elementor-icon-list-item elementor-inline-item\">\n\t\t\t\t\t\t\t\t\t\t\t<a href=\"https:\/\/safiroots.com\/fr\">\n\n\t\t\t\t\t\t\t\t\t\t\t\t<span class=\"elementor-icon-list-icon\">\n\t\t\t\t\t\t\t<svg aria-hidden=\"true\" class=\"e-font-icon-svg e-fas-home\" viewbox=\"0 0 576 512\" xmlns=\"http:\/\/www.w3.org\/2000\/svg\"><path d=\"M280.37 148.26L96 300.11V464a16 16 0 0 0 16 16l112.06-.29a16 16 0 0 0 15.92-16V368a16 16 0 0 1 16-16h64a16 16 0 0 1 16 16v95.64a16 16 0 0 0 16 16.05L464 480a16 16 0 0 0 16-16V300L295.67 148.26a12.19 12.19 0 0 0-15.3 0zM571.6 251.47L488 182.56V44.05a12 12 0 0 0-12-12h-56a12 12 0 0 0-12 12v72.61L318.47 43a48 48 0 0 0-61 0L4.34 251.47a12 12 0 0 0-1.6 16.9l25.5 31A12 12 0 0 0 45.15 301l235.22-193.74a12.19 12.19 0 0 1 15.3 0L530.9 301a12 12 0 0 0 16.9-1.6l25.5-31a12 12 0 0 0-1.7-16.93z\"><\/path><\/svg>\t\t\t\t\t\t<\/span>\n\t\t\t\t\t\t\t\t\t\t<span class=\"elementor-icon-list-text\">Accueil<\/span>\n\t\t\t\t\t\t\t\t\t\t\t<\/a>\n\t\t\t\t\t\t\t\t\t<\/li>\n\t\t\t\t\t\t<\/ul>\n\t\t\t\t\t\t<\/div>\n\t\t\t\t<\/div>\n\t\t\t\t<div class=\"elementor-element elementor-element-f297ff8 elementor-icon-list--layout-inline elementor-list-item-link-inline elementor-widget elementor-widget-icon-list\" data-id=\"f297ff8\" data-element_type=\"widget\" data-e-type=\"widget\" data-widget_type=\"icon-list.default\">\n\t\t\t\t<div class=\"elementor-widget-container\">\n\t\t\t\t\t\t\t<ul class=\"elementor-icon-list-items elementor-inline-items\">\n\t\t\t\t\t\t\t<li class=\"elementor-icon-list-item elementor-inline-item\">\n\t\t\t\t\t\t\t\t\t\t\t<span class=\"elementor-icon-list-icon\">\n\t\t\t\t\t\t\t<svg aria-hidden=\"true\" class=\"e-font-icon-svg e-fas-chevron-right\" viewbox=\"0 0 320 512\" xmlns=\"http:\/\/www.w3.org\/2000\/svg\"><path d=\"M285.476 272.971L91.132 467.314c-9.373 9.373-24.569 9.373-33.941 0l-22.667-22.667c-9.357-9.357-9.375-24.522-.04-33.901L188.505 256 34.484 101.255c-9.335-9.379-9.317-24.544.04-33.901l22.667-22.667c9.373-9.373 24.569-9.373 33.941 0L285.475 239.03c9.373 9.372 9.373 24.568.001 33.941z\"><\/path><\/svg>\t\t\t\t\t\t<\/span>\n\t\t\t\t\t\t\t\t\t\t<span class=\"elementor-icon-list-text\">Services<\/span>\n\t\t\t\t\t\t\t\t\t<\/li>\n\t\t\t\t\t\t<\/ul>\n\t\t\t\t\t\t<\/div>\n\t\t\t\t<\/div>\n\t\t\t\t<\/div>\n\t\t\t\t\t<\/div>\n\t\t\t\t<\/div>\n\t\t<div class=\"elementor-element elementor-element-f47909b e-flex e-con-boxed e-con e-parent\" data-id=\"f47909b\" data-element_type=\"container\" data-e-type=\"container\">\n\t\t\t\t\t<div class=\"e-con-inner\">\n\t\t<div class=\"elementor-element elementor-element-7f09054 e-con-full e-flex e-con e-child\" data-id=\"7f09054\" data-element_type=\"container\" data-e-type=\"container\" data-settings=\"{&quot;background_background&quot;:&quot;classic&quot;}\">\n\t\t\t\t<div class=\"elementor-element elementor-element-5f72296 elementor-invisible elementor-widget elementor-widget-image\" data-id=\"5f72296\" data-element_type=\"widget\" data-e-type=\"widget\" data-settings=\"{&quot;_animation&quot;:&quot;fadeIn&quot;,&quot;_animation_delay&quot;:300}\" data-widget_type=\"image.default\">\n\t\t\t\t<div class=\"elementor-widget-container\">\n\t\t\t\t\t\t\t\t\t\t\t\t\t\t\t<img fetchpriority=\"high\" decoding=\"async\" width=\"350\" height=\"350\" src=\"https:\/\/safiroots.com\/wp-content\/uploads\/2024\/10\/Supply-and-Sourcing.webp\" class=\"attachment-full size-full wp-image-6509\" alt=\"Supply and Sourcing\" srcset=\"https:\/\/safiroots.com\/wp-content\/uploads\/2024\/10\/Supply-and-Sourcing.webp 350w, https:\/\/safiroots.com\/wp-content\/uploads\/2024\/10\/Supply-and-Sourcing-300x300.webp 300w, https:\/\/safiroots.com\/wp-content\/uploads\/2024\/10\/Supply-and-Sourcing-150x150.webp 150w\" sizes=\"(max-width: 350px) 100vw, 350px\" \/>\t\t\t\t\t\t\t\t\t\t\t\t\t\t\t<\/div>\n\t\t\t\t<\/div>\n\t\t\t\t<\/div>\n\t\t<div class=\"elementor-element elementor-element-8794801 e-con-full e-flex elementor-invisible e-con e-child\" data-id=\"8794801\" data-element_type=\"container\" data-e-type=\"container\" data-settings=\"{&quot;animation&quot;:&quot;fadeInRight&quot;,&quot;animation_delay&quot;:200}\">\n\t\t\t\t<div class=\"elementor-element elementor-element-23ee79b elementor-widget elementor-widget-heading\" data-id=\"23ee79b\" data-element_type=\"widget\" data-e-type=\"widget\" data-widget_type=\"heading.default\">\n\t\t\t\t<div class=\"elementor-widget-container\">\n\t\t\t\t\t<h2 class=\"elementor-heading-title elementor-size-default\">Sourcing et approvisionnement<\/h2>\t\t\t\t<\/div>\n\t\t\t\t<\/div>\n\t\t\t\t<div class=\"elementor-element elementor-element-408c0bc elementor-widget elementor-widget-text-editor\" data-id=\"408c0bc\" data-element_type=\"widget\" data-e-type=\"widget\" data-widget_type=\"text-editor.default\">\n\t\t\t\t<div class=\"elementor-widget-container\">\n\t\t\t\t\t\t\t\t\tNous sommes sp\u00e9cialis\u00e9s dans l'approvisionnement en produits agricoles de premi\u00e8re qualit\u00e9 directement aupr\u00e8s des petits exploitants agricoles de toute l'Afrique.\nNotre r\u00e9seau garantit l'acc\u00e8s au meilleur de ce que l'Afrique a \u00e0 offrir, des produits frais aux produits s\u00e9ch\u00e9s, tout en promouvant le commerce \u00e9quitable et la durabilit\u00e9.\t\t\t\t\t\t\t\t<\/div>\n\t\t\t\t<\/div>\n\t\t\t\t<div class=\"elementor-element elementor-element-9bb2d5f elementor-widget elementor-widget-button\" data-id=\"9bb2d5f\" data-element_type=\"widget\" data-e-type=\"widget\" data-widget_type=\"button.default\">\n\t\t\t\t<div class=\"elementor-widget-container\">\n\t\t\t\t\t\t\t\t\t<div class=\"elementor-button-wrapper\">\n\t\t\t\t\t<a class=\"elementor-button elementor-button-link elementor-size-sm\" href=\"https:\/\/safiroots.com\/fr\/contact-us\/\">\n\t\t\t\t\t\t<span class=\"elementor-button-content-wrapper\">\n\t\t\t\t\t\t\t\t\t<span class=\"elementor-button-text\">Contactez-nous<\/span>\n\t\t\t\t\t<\/span>\n\t\t\t\t\t<\/a>\n\t\t\t\t<\/div>\n\t\t\t\t\t\t\t\t<\/div>\n\t\t\t\t<\/div>\n\t\t\t\t<\/div>\n\t\t\t\t\t<\/div>\n\t\t\t\t<\/div>\n\t\t<div class=\"elementor-element elementor-element-0e2392f e-flex e-con-boxed e-con e-parent\" data-id=\"0e2392f\" data-element_type=\"container\" data-e-type=\"container\" data-settings=\"{&quot;background_background&quot;:&quot;classic&quot;}\">\n\t\t\t\t\t<div class=\"e-con-inner\">\n\t\t<div class=\"elementor-element elementor-element-49cb756 e-con-full e-flex elementor-invisible e-con e-child\" data-id=\"49cb756\" data-element_type=\"container\" data-e-type=\"container\" data-settings=\"{&quot;animation&quot;:&quot;fadeInLeft&quot;,&quot;animation_delay&quot;:200}\">\n\t\t\t\t<div class=\"elementor-element elementor-element-b67d53e elementor-widget elementor-widget-heading\" data-id=\"b67d53e\" data-element_type=\"widget\" data-e-type=\"widget\" data-widget_type=\"heading.default\">\n\t\t\t\t<div class=\"elementor-widget-container\">\n\t\t\t\t\t<h2 class=\"elementor-heading-title elementor-size-default\">Solutions personnalis\u00e9es<\/h2>\t\t\t\t<\/div>\n\t\t\t\t<\/div>\n\t\t\t\t<div class=\"elementor-element elementor-element-fecd0e0 elementor-widget elementor-widget-text-editor\" data-id=\"fecd0e0\" data-element_type=\"widget\" data-e-type=\"widget\" data-widget_type=\"text-editor.default\">\n\t\t\t\t<div class=\"elementor-widget-container translation-block\">Vous avez besoin de quelque chose de sp\u00e9cifique\u00a0?<br>\nNous travaillons en \u00e9troite collaboration avec nos clients pour co-cr\u00e9er des solutions de produits.<br>\nQu'il s'agisse de personnaliser l'emballage, d'ajuster les volumes ou d'explorer de nouvelles gammes de produits, nous sommes flexibles pour r\u00e9pondre \u00e0 vos besoins<\/div>\n\t\t\t\t<\/div>\n\t\t\t\t<div class=\"elementor-element elementor-element-5febd02 elementor-widget elementor-widget-button\" data-id=\"5febd02\" data-element_type=\"widget\" data-e-type=\"widget\" data-widget_type=\"button.default\">\n\t\t\t\t<div class=\"elementor-widget-container\">\n\t\t\t\t\t\t\t\t\t<div class=\"elementor-button-wrapper\">\n\t\t\t\t\t<a class=\"elementor-button elementor-button-link elementor-size-sm\" href=\"https:\/\/safiroots.com\/fr\/contact-us\/\">\n\t\t\t\t\t\t<span class=\"elementor-button-content-wrapper\">\n\t\t\t\t\t\t\t\t\t<span class=\"elementor-button-text\">Contactez-nous<\/span>\n\t\t\t\t\t<\/span>\n\t\t\t\t\t<\/a>\n\t\t\t\t<\/div>\n\t\t\t\t\t\t\t\t<\/div>\n\t\t\t\t<\/div>\n\t\t\t\t<\/div>\n\t\t<div class=\"elementor-element elementor-element-f7372c8 e-con-full e-flex e-con e-child\" data-id=\"f7372c8\" data-element_type=\"container\" data-e-type=\"container\" data-settings=\"{&quot;background_background&quot;:&quot;classic&quot;}\">\n\t\t\t\t<div class=\"elementor-element elementor-element-0d4c7be animated-slow elementor-invisible elementor-widget elementor-widget-image\" data-id=\"0d4c7be\" data-element_type=\"widget\" data-e-type=\"widget\" data-settings=\"{&quot;_animation&quot;:&quot;fadeIn&quot;,&quot;_animation_delay&quot;:800}\" data-widget_type=\"image.default\">\n\t\t\t\t<div class=\"elementor-widget-container\">\n\t\t\t\t\t\t\t\t\t\t\t\t\t\t\t<img decoding=\"async\" width=\"350\" height=\"350\" src=\"https:\/\/safiroots.com\/wp-content\/uploads\/2024\/10\/Custom-Solutions.webp\" class=\"attachment-full size-full wp-image-6536\" alt=\"Custom Solutions\" srcset=\"https:\/\/safiroots.com\/wp-content\/uploads\/2024\/10\/Custom-Solutions.webp 350w, https:\/\/safiroots.com\/wp-content\/uploads\/2024\/10\/Custom-Solutions-300x300.webp 300w, https:\/\/safiroots.com\/wp-content\/uploads\/2024\/10\/Custom-Solutions-150x150.webp 150w\" sizes=\"(max-width: 350px) 100vw, 350px\" \/>\t\t\t\t\t\t\t\t\t\t\t\t\t\t\t<\/div>\n\t\t\t\t<\/div>\n\t\t\t\t<\/div>\n\t\t\t\t\t<\/div>\n\t\t\t\t<\/div>\n\t\t<div class=\"elementor-element elementor-element-fa1be6b e-flex e-con-boxed e-con e-parent\" data-id=\"fa1be6b\" data-element_type=\"container\" data-e-type=\"container\">\n\t\t\t\t\t<div class=\"e-con-inner\">\n\t\t<div class=\"elementor-element elementor-element-61ec425 e-con-full e-flex e-con e-child\" data-id=\"61ec425\" data-element_type=\"container\" data-e-type=\"container\" data-settings=\"{&quot;background_background&quot;:&quot;classic&quot;}\">\n\t\t\t\t<div class=\"elementor-element elementor-element-2f076c9 elementor-invisible elementor-widget elementor-widget-image\" data-id=\"2f076c9\" data-element_type=\"widget\" data-e-type=\"widget\" data-settings=\"{&quot;_animation&quot;:&quot;fadeIn&quot;,&quot;_animation_delay&quot;:300}\" data-widget_type=\"image.default\">\n\t\t\t\t<div class=\"elementor-widget-container\">\n\t\t\t\t\t\t\t\t\t\t\t\t\t\t\t<img decoding=\"async\" width=\"350\" height=\"350\" src=\"https:\/\/safiroots.com\/wp-content\/uploads\/2024\/10\/Quality-Control-and-Certifications.webp\" class=\"attachment-full size-full wp-image-6538\" alt=\"Quality Control and Certifications\" srcset=\"https:\/\/safiroots.com\/wp-content\/uploads\/2024\/10\/Quality-Control-and-Certifications.webp 350w, https:\/\/safiroots.com\/wp-content\/uploads\/2024\/10\/Quality-Control-and-Certifications-300x300.webp 300w, https:\/\/safiroots.com\/wp-content\/uploads\/2024\/10\/Quality-Control-and-Certifications-150x150.webp 150w\" sizes=\"(max-width: 350px) 100vw, 350px\" \/>\t\t\t\t\t\t\t\t\t\t\t\t\t\t\t<\/div>\n\t\t\t\t<\/div>\n\t\t\t\t<\/div>\n\t\t<div class=\"elementor-element elementor-element-1291751 e-con-full e-flex elementor-invisible e-con e-child\" data-id=\"1291751\" data-element_type=\"container\" data-e-type=\"container\" data-settings=\"{&quot;animation&quot;:&quot;fadeInRight&quot;,&quot;animation_delay&quot;:200}\">\n\t\t\t\t<div class=\"elementor-element elementor-element-f3a3143 elementor-widget elementor-widget-heading\" data-id=\"f3a3143\" data-element_type=\"widget\" data-e-type=\"widget\" data-widget_type=\"heading.default\">\n\t\t\t\t<div class=\"elementor-widget-container\">\n\t\t\t\t\t<h2 class=\"elementor-heading-title elementor-size-default\"> Contr\u00f4le de qualit\u00e9 et certifications<\/h2>\t\t\t\t<\/div>\n\t\t\t\t<\/div>\n\t\t\t\t<div class=\"elementor-element elementor-element-49de375 elementor-widget elementor-widget-text-editor\" data-id=\"49de375\" data-element_type=\"widget\" data-e-type=\"widget\" data-widget_type=\"text-editor.default\">\n\t\t\t\t<div class=\"elementor-widget-container translation-block\">Notre engagement envers la qualit\u00e9 est in\u00e9branlable.<br>\nNous adh\u00e9rons aux normes les plus strictes en mati\u00e8re d'agriculture et de production, et nos produits sont soutenus par des certifications telles que Global GAP, Fairtrade, Ecocert et Rainforest Alliance.<br>\nVous pouvez \u00eatre s\u00fbr que chaque produit est issu de sources \u00e9thiques et r\u00e9pond aux normes internationales.<\/div>\n\t\t\t\t<\/div>\n\t\t\t\t<div class=\"elementor-element elementor-element-01a07f7 elementor-widget elementor-widget-button\" data-id=\"01a07f7\" data-element_type=\"widget\" data-e-type=\"widget\" data-widget_type=\"button.default\">\n\t\t\t\t<div class=\"elementor-widget-container\">\n\t\t\t\t\t\t\t\t\t<div class=\"elementor-button-wrapper\">\n\t\t\t\t\t<a class=\"elementor-button elementor-button-link elementor-size-sm\" href=\"https:\/\/safiroots.com\/fr\/contact-us\/\">\n\t\t\t\t\t\t<span class=\"elementor-button-content-wrapper\">\n\t\t\t\t\t\t\t\t\t<span class=\"elementor-button-text\">Contactez-nous<\/span>\n\t\t\t\t\t<\/span>\n\t\t\t\t\t<\/a>\n\t\t\t\t<\/div>\n\t\t\t\t\t\t\t\t<\/div>\n\t\t\t\t<\/div>\n\t\t\t\t<\/div>\n\t\t\t\t\t<\/div>\n\t\t\t\t<\/div>\n\t\t<div class=\"elementor-element elementor-element-886d792 e-flex e-con-boxed e-con e-parent\" data-id=\"886d792\" data-element_type=\"container\" data-e-type=\"container\" data-settings=\"{&quot;background_background&quot;:&quot;classic&quot;}\">\n\t\t\t\t\t<div class=\"e-con-inner\">\n\t\t<div class=\"elementor-element elementor-element-32d4c35 e-con-full e-flex elementor-invisible e-con e-child\" data-id=\"32d4c35\" data-element_type=\"container\" data-e-type=\"container\" data-settings=\"{&quot;animation&quot;:&quot;fadeInLeft&quot;,&quot;animation_delay&quot;:200}\">\n\t\t\t\t<div class=\"elementor-element elementor-element-4b6b521 elementor-widget elementor-widget-heading\" data-id=\"4b6b521\" data-element_type=\"widget\" data-e-type=\"widget\" data-widget_type=\"heading.default\">\n\t\t\t\t<div class=\"elementor-widget-container\">\n\t\t\t\t\t<h2 class=\"elementor-heading-title elementor-size-default\">Logistique et livraison<\/h2>\t\t\t\t<\/div>\n\t\t\t\t<\/div>\n\t\t\t\t<div class=\"elementor-element elementor-element-aad55c5 elementor-widget elementor-widget-text-editor\" data-id=\"aad55c5\" data-element_type=\"widget\" data-e-type=\"widget\" data-widget_type=\"text-editor.default\">\n\t\t\t\t<div class=\"elementor-widget-container\">\n\t\t\t\t\t\t\t\t\t<p>De la ferme \u00e0 votre porte, nous g\u00e9rons la logistique pour assurer une livraison rapide et maintenir l\u2019int\u00e9grit\u00e9 du produit.<\/p><p class=\"translation-block\">Que vous vous approvisionniez en gros ou que vous recherchiez des produits de saison sp\u00e9cifiques, nous rendons le processus fluide et transparent.<\/p>\t\t\t\t\t\t\t\t<\/div>\n\t\t\t\t<\/div>\n\t\t\t\t<div class=\"elementor-element elementor-element-2afdf1c elementor-widget elementor-widget-button\" data-id=\"2afdf1c\" data-element_type=\"widget\" data-e-type=\"widget\" data-widget_type=\"button.default\">\n\t\t\t\t<div class=\"elementor-widget-container\">\n\t\t\t\t\t\t\t\t\t<div class=\"elementor-button-wrapper\">\n\t\t\t\t\t<a class=\"elementor-button elementor-button-link elementor-size-sm\" href=\"https:\/\/safiroots.com\/fr\/contact-us\/\">\n\t\t\t\t\t\t<span class=\"elementor-button-content-wrapper\">\n\t\t\t\t\t\t\t\t\t<span class=\"elementor-button-text\">Contactez-nous<\/span>\n\t\t\t\t\t<\/span>\n\t\t\t\t\t<\/a>\n\t\t\t\t<\/div>\n\t\t\t\t\t\t\t\t<\/div>\n\t\t\t\t<\/div>\n\t\t\t\t<\/div>\n\t\t<div class=\"elementor-element elementor-element-ea8e878 e-con-full e-flex e-con e-child\" data-id=\"ea8e878\" data-element_type=\"container\" data-e-type=\"container\" data-settings=\"{&quot;background_background&quot;:&quot;classic&quot;}\">\n\t\t\t\t<div class=\"elementor-element elementor-element-74873a2 animated-slow elementor-invisible elementor-widget elementor-widget-image\" data-id=\"74873a2\" data-element_type=\"widget\" data-e-type=\"widget\" data-settings=\"{&quot;_animation&quot;:&quot;fadeIn&quot;,&quot;_animation_delay&quot;:800}\" data-widget_type=\"image.default\">\n\t\t\t\t<div class=\"elementor-widget-container\">\n\t\t\t\t\t\t\t\t\t\t\t\t\t\t\t<img loading=\"lazy\" decoding=\"async\" width=\"350\" height=\"350\" src=\"https:\/\/safiroots.com\/wp-content\/uploads\/2024\/10\/Logistics-and-Delivery.webp\" class=\"attachment-full size-full wp-image-6537\" alt=\"Logistics and Delivery\" srcset=\"https:\/\/safiroots.com\/wp-content\/uploads\/2024\/10\/Logistics-and-Delivery.webp 350w, https:\/\/safiroots.com\/wp-content\/uploads\/2024\/10\/Logistics-and-Delivery-300x300.webp 300w, https:\/\/safiroots.com\/wp-content\/uploads\/2024\/10\/Logistics-and-Delivery-150x150.webp 150w\" sizes=\"(max-width: 350px) 100vw, 350px\" \/>\t\t\t\t\t\t\t\t\t\t\t\t\t\t\t<\/div>\n\t\t\t\t<\/div>\n\t\t\t\t<\/div>\n\t\t\t\t\t<\/div>\n\t\t\t\t<\/div>\n\t\t<div class=\"elementor-element elementor-element-f13d3ba e-flex e-con-boxed e-con e-parent\" data-id=\"f13d3ba\" data-element_type=\"container\" data-e-type=\"container\">\n\t\t\t\t\t<div class=\"e-con-inner\">\n\t\t<div class=\"elementor-element elementor-element-d6a4f45 e-con-full e-flex e-con e-child\" data-id=\"d6a4f45\" data-element_type=\"container\" data-e-type=\"container\" data-settings=\"{&quot;background_background&quot;:&quot;classic&quot;}\">\n\t\t\t\t<div class=\"elementor-element elementor-element-7cafaab elementor-invisible elementor-widget elementor-widget-image\" data-id=\"7cafaab\" data-element_type=\"widget\" data-e-type=\"widget\" data-settings=\"{&quot;_animation&quot;:&quot;fadeIn&quot;,&quot;_animation_delay&quot;:300}\" data-widget_type=\"image.default\">\n\t\t\t\t<div class=\"elementor-widget-container\">\n\t\t\t\t\t\t\t\t\t\t\t\t\t\t\t<img loading=\"lazy\" decoding=\"async\" width=\"350\" height=\"350\" src=\"https:\/\/safiroots.com\/wp-content\/uploads\/2024\/10\/Sustainability-and-Impact.webp\" class=\"attachment-full size-full wp-image-6539\" alt=\"Sustainability and Impact\" srcset=\"https:\/\/safiroots.com\/wp-content\/uploads\/2024\/10\/Sustainability-and-Impact.webp 350w, https:\/\/safiroots.com\/wp-content\/uploads\/2024\/10\/Sustainability-and-Impact-300x300.webp 300w, https:\/\/safiroots.com\/wp-content\/uploads\/2024\/10\/Sustainability-and-Impact-150x150.webp 150w\" sizes=\"(max-width: 350px) 100vw, 350px\" \/>\t\t\t\t\t\t\t\t\t\t\t\t\t\t\t<\/div>\n\t\t\t\t<\/div>\n\t\t\t\t<\/div>\n\t\t<div class=\"elementor-element elementor-element-f86d0ca e-con-full e-flex elementor-invisible e-con e-child\" data-id=\"f86d0ca\" data-element_type=\"container\" data-e-type=\"container\" data-settings=\"{&quot;animation&quot;:&quot;fadeInRight&quot;,&quot;animation_delay&quot;:200}\">\n\t\t\t\t<div class=\"elementor-element elementor-element-226f274 elementor-widget elementor-widget-heading\" data-id=\"226f274\" data-element_type=\"widget\" data-e-type=\"widget\" data-widget_type=\"heading.default\">\n\t\t\t\t<div class=\"elementor-widget-container\">\n\t\t\t\t\t<h2 class=\"elementor-heading-title elementor-size-default\">Durabilit\u00e9 et impact<\/h2>\t\t\t\t<\/div>\n\t\t\t\t<\/div>\n\t\t\t\t<div class=\"elementor-element elementor-element-f396de5 elementor-widget elementor-widget-text-editor\" data-id=\"f396de5\" data-element_type=\"widget\" data-e-type=\"widget\" data-widget_type=\"text-editor.default\">\n\t\t\t\t<div class=\"elementor-widget-container translation-block\">En vous associant \u00e0 Safi Roots, vous contribuez \u00e0 bien plus que votre entreprise : vous soutenez des pratiques durables et avez un impact positif sur les communaut\u00e9s agricoles africaines.<br>\nChaque achat de produit contribue \u00e0 l'autonomisation des agriculteurs locaux et au d\u00e9veloppement communautaire.<\/div>\n\t\t\t\t<\/div>\n\t\t\t\t<div class=\"elementor-element elementor-element-c9d3263 elementor-widget elementor-widget-button\" data-id=\"c9d3263\" data-element_type=\"widget\" data-e-type=\"widget\" data-widget_type=\"button.default\">\n\t\t\t\t<div class=\"elementor-widget-container\">\n\t\t\t\t\t\t\t\t\t<div class=\"elementor-button-wrapper\">\n\t\t\t\t\t<a class=\"elementor-button elementor-button-link elementor-size-sm\" href=\"https:\/\/safiroots.com\/fr\/contact-us\/\">\n\t\t\t\t\t\t<span class=\"elementor-button-content-wrapper\">\n\t\t\t\t\t\t\t\t\t<span class=\"elementor-button-text\">Contactez-nous<\/span>\n\t\t\t\t\t<\/span>\n\t\t\t\t\t<\/a>\n\t\t\t\t<\/div>\n\t\t\t\t\t\t\t\t<\/div>\n\t\t\t\t<\/div>\n\t\t\t\t<\/div>\n\t\t\t\t\t<\/div>\n\t\t\t\t<\/div>\n\t\t\t\t<\/div>","protected":false},"excerpt":{"rendered":"<p>Services At Safi Roots, we offer more than just products\u2014we provide a tailored experience to meetyour business needs. Whether you&#8217;re sourcing exotic fruits, nuts, spices, or superfoods, ourservices are designed to ensure quality, transparency, and impact at every step. Home Services Sourcing and Supply We specialize in sourcing premium agricultural products directly from smallholder farmers [&hellip;]<\/p>","protected":false},"author":1,"featured_media":0,"parent":0,"menu_order":0,"comment_status":"closed","ping_status":"closed","template":"elementor_header_footer","meta":{"_monsterinsights_skip_tracking":false,"_monsterinsights_sitenote_active":false,"_monsterinsights_sitenote_note":"","_monsterinsights_sitenote_category":0,"two_page_speed":{"previous_score":{"desktop_score":94,"desktop_tti":"1.4\u00a0","mobile_score":68,"mobile_tti":"6.8\u00a0","date":"08.11.2024 04:06:40 pm","status":"completed"},"current_score":{"desktop_score":99,"desktop_tti":"0.4\u00a0","mobile_score":100,"mobile_tti":"1.3\u00a0","date":"18.09.2025 06:41:50 pm","status":"completed"}},"footnotes":""},"class_list":["post-5273","page","type-page","status-publish","hentry"],"rttpg_featured_image_url":null,"rttpg_author":{"display_name":"Safi Roots","author_link":"https:\/\/safiroots.com\/fr\/author\/admin2077\/"},"rttpg_comment":0,"rttpg_category":null,"rttpg_excerpt":"Services At Safi Roots, we offer more than just products\u2014we provide a tailored experience to meetyour business needs. Whether you&#8217;re sourcing exotic fruits, nuts, spices, or superfoods, ourservices are designed to ensure quality, transparency, and impact at every step. Home Services Sourcing and Supply We specialize in sourcing premium agricultural products directly from smallholder farmers\u2026","_links":{"self":[{"href":"https:\/\/safiroots.com\/fr\/wp-json\/wp\/v2\/pages\/5273","targetHints":{"allow":["GET"]}}],"collection":[{"href":"https:\/\/safiroots.com\/fr\/wp-json\/wp\/v2\/pages"}],"about":[{"href":"https:\/\/safiroots.com\/fr\/wp-json\/wp\/v2\/types\/page"}],"author":[{"embeddable":true,"href":"https:\/\/safiroots.com\/fr\/wp-json\/wp\/v2\/users\/1"}],"replies":[{"embeddable":true,"href":"https:\/\/safiroots.com\/fr\/wp-json\/wp\/v2\/comments?post=5273"}],"version-history":[{"count":137,"href":"https:\/\/safiroots.com\/fr\/wp-json\/wp\/v2\/pages\/5273\/revisions"}],"predecessor-version":[{"id":7227,"href":"https:\/\/safiroots.com\/fr\/wp-json\/wp\/v2\/pages\/5273\/revisions\/7227"}],"wp:attachment":[{"href":"https:\/\/safiroots.com\/fr\/wp-json\/wp\/v2\/media?parent=5273"}],"curies":[{"name":"wp","href":"https:\/\/api.w.org\/{rel}","templated":true}]}}